{"id":166726,"date":"2026-01-18T13:52:41","date_gmt":"2026-01-18T13:52:41","guid":{"rendered":"https:\/\/dev.creativewalkers.com\/pa\/?page_id=166726"},"modified":"2026-02-25T14:27:23","modified_gmt":"2026-02-25T14:27:23","slug":"academia-international-level","status":"publish","type":"page","link":"https:\/\/dev.creativewalkers.com\/pa\/academia-international-level\/","title":{"rendered":"Academia &#8211; International level"},"content":{"rendered":"<div class=\"wpb-content-wrapper\"><p>[vc_row unlock_row_content=&#8221;yes&#8221; row_height_percent=&#8221;0&#8243; override_padding=&#8221;yes&#8221; h_padding=&#8221;7&#8243; top_padding=&#8221;7&#8243; bottom_padding=&#8221;7&#8243; back_image=&#8221;166745&#8243; back_position=&#8221;center center&#8221; overlay_alpha=&#8221;50&#8243; overlay_color_blend=&#8221;multiply&#8221; gutter_size=&#8221;3&#8243; column_width_percent=&#8221;100&#8243; shift_y=&#8221;0&#8243; z_index=&#8221;0&#8243; bottom_divider=&#8221;gradient&#8221; css_animation=&#8221;scroll-trigger&#8221; animation_state=&#8221;end&#8221; animation_origin=&#8221;center&#8221; animation_scale_val=&#8221;100&#8243; animation_opacity=&#8221;0&#8243; animation_x=&#8221;0&#8243; animation_y=&#8221;0&#8243; animation_blur=&#8221;0&#8243; animation_rotate=&#8221;0&#8243; animation_perspective=&#8221;0&#8243; animation_offset_top=&#8221;0&#8243; animation_offset_bottom=&#8221;85&#8243; content_parallax=&#8221;3&#8243; uncode_shortcode_id=&#8221;670708&#8243; back_color_type=&#8221;uncode-solid&#8221; overlay_color_type=&#8221;uncode-solid&#8221; overlay_color_solid=&#8221;#0c4f48&#8243; back_color_solid=&#8221;#0c4f48&#8243;][vc_column column_width_percent=&#8221;100&#8243; position_vertical=&#8221;bottom&#8221; gutter_size=&#8221;4&#8243; style=&#8221;dark&#8221; overlay_alpha=&#8221;50&#8243; shift_x=&#8221;0&#8243; shift_y=&#8221;0&#8243; shift_y_down=&#8221;0&#8243; z_index=&#8221;0&#8243; medium_width=&#8221;0&#8243; mobile_width=&#8221;0&#8243; width=&#8221;1\/1&#8243; uncode_shortcode_id=&#8221;138994&#8243;][vc_row_inner limit_content=&#8221;&#8221;][vc_column_inner column_width_percent=&#8221;100&#8243; position_horizontal=&#8221;left&#8221; gutter_size=&#8221;3&#8243; style=&#8221;dark&#8221; overlay_alpha=&#8221;50&#8243; shift_x=&#8221;0&#8243; shift_y=&#8221;0&#8243; shift_y_down=&#8221;0&#8243; z_index=&#8221;0&#8243; medium_width=&#8221;0&#8243; mobile_width=&#8221;0&#8243; width=&#8221;9\/12&#8243; uncode_shortcode_id=&#8221;311432&#8243;][vc_custom_heading heading_semantic=&#8221;h4&#8243; text_font=&#8221;font-161747&#8243; text_size=&#8221;fontsize-338686&#8243; text_weight=&#8221;300&#8243; uncode_shortcode_id=&#8221;104974&#8243;]Academia[\/vc_custom_heading][vc_column_text text_lead=&#8221;yes&#8221; uncode_shortcode_id=&#8221;168861&#8243;]International level[\/vc_column_text][\/vc_column_inner][vc_column_inner column_width_percent=&#8221;100&#8243; gutter_size=&#8221;3&#8243; overlay_alpha=&#8221;50&#8243; shift_x=&#8221;0&#8243; shift_y=&#8221;0&#8243; shift_y_down=&#8221;0&#8243; z_index=&#8221;0&#8243; medium_visibility=&#8221;yes&#8221; medium_width=&#8221;0&#8243; mobile_visibility=&#8221;yes&#8221; mobile_width=&#8221;0&#8243; width=&#8221;3\/12&#8243; uncode_shortcode_id=&#8221;100417&#8243;][\/vc_column_inner][\/vc_row_inner][\/vc_column][\/vc_row][vc_row row_height_percent=&#8221;0&#8243; override_padding=&#8221;yes&#8221; h_padding=&#8221;2&#8243; top_padding=&#8221;5&#8243; bottom_padding=&#8221;5&#8243; overlay_alpha=&#8221;50&#8243; equal_height=&#8221;yes&#8221; gutter_size=&#8221;4&#8243; column_width_percent=&#8221;100&#8243; shift_y=&#8221;0&#8243; z_index=&#8221;0&#8243;][vc_column column_width_percent=&#8221;100&#8243; position_vertical=&#8221;middle&#8221; align_horizontal=&#8221;align_center&#8221; gutter_size=&#8221;3&#8243; overlay_alpha=&#8221;50&#8243; shift_x=&#8221;0&#8243; shift_y=&#8221;0&#8243; shift_y_down=&#8221;0&#8243; z_index=&#8221;0&#8243; medium_width=&#8221;0&#8243; mobile_width=&#8221;0&#8243; width=&#8221;1\/2&#8243;][vc_single_image media=&#8221;166746&#8243; media_width_percent=&#8221;100&#8243; media_ratio=&#8221;sixteen-nine&#8221; shape=&#8221;img-round&#8221; radius=&#8221;lg&#8221; uncode_shortcode_id=&#8221;199177&#8243;][vc_custom_heading heading_semantic=&#8221;h3&#8243; text_size=&#8221;h4&#8243; sub_lead=&#8221;small&#8221; subheading=&#8221;Teaching on \u201cThe European and the Interamerican Systems for the Protection of Rights: The European Court of Human Rights (ECtHR) and the Inter-American Court of Human Rights (IACtHR)\u201d, Abril to June 2021, April to June 2022&#8243; uncode_shortcode_id=&#8221;204981&#8243;]Lecturer at Florence University Legal Clinic[\/vc_custom_heading][\/vc_column][vc_column column_width_percent=&#8221;100&#8243; align_horizontal=&#8221;align_center&#8221; gutter_size=&#8221;3&#8243; overlay_alpha=&#8221;50&#8243; shift_x=&#8221;0&#8243; shift_y=&#8221;0&#8243; shift_y_down=&#8221;0&#8243; z_index=&#8221;0&#8243; medium_width=&#8221;0&#8243; mobile_width=&#8221;0&#8243; width=&#8221;1\/2&#8243;][vc_single_image media=&#8221;166745&#8243; media_width_percent=&#8221;100&#8243; media_ratio=&#8221;sixteen-nine&#8221; shape=&#8221;img-round&#8221; radius=&#8221;lg&#8221; uncode_shortcode_id=&#8221;360398&#8243;][vc_custom_heading heading_semantic=&#8221;h4&#8243; text_size=&#8221;h4&#8243; sub_lead=&#8221;small&#8221; subheading=&#8221;2017-2022. Teaching a \u201cCourse on Corporate Rights and the European Convention on Human Rights\u201d&#8221; uncode_shortcode_id=&#8221;205667&#8243;]Adjunct Professor (professeur vacataire) at the Law Faculty of the University of Paris II-Pantheon-Assa[\/vc_custom_heading][\/vc_column][\/vc_row][vc_row row_height_percent=&#8221;0&#8243; override_padding=&#8221;yes&#8221; h_padding=&#8221;2&#8243; top_padding=&#8221;0&#8243; bottom_padding=&#8221;0&#8243; overlay_alpha=&#8221;50&#8243; equal_height=&#8221;yes&#8221; gutter_size=&#8221;4&#8243; column_width_percent=&#8221;100&#8243; shift_y=&#8221;0&#8243; z_index=&#8221;0&#8243; content_parallax=&#8221;0&#8243; uncode_shortcode_id=&#8221;183554&#8243;][vc_column column_width_percent=&#8221;100&#8243; position_vertical=&#8221;middle&#8221; align_horizontal=&#8221;align_center&#8221; gutter_size=&#8221;3&#8243; overlay_alpha=&#8221;50&#8243; shift_x=&#8221;0&#8243; shift_y=&#8221;0&#8243; shift_y_down=&#8221;0&#8243; z_index=&#8221;0&#8243; medium_width=&#8221;0&#8243; mobile_width=&#8221;0&#8243; width=&#8221;1\/2&#8243;][vc_single_image media=&#8221;166744&#8243; media_width_percent=&#8221;100&#8243; media_ratio=&#8221;sixteen-nine&#8221; shape=&#8221;img-round&#8221; radius=&#8221;lg&#8221; uncode_shortcode_id=&#8221;103515&#8243;][vc_custom_heading heading_semantic=&#8221;h3&#8243; text_size=&#8221;h4&#8243; sub_lead=&#8221;small&#8221; subheading=&#8221;Urbana, Illinois, United States of<br \/>\nAmerica, in 2009 and 2010. Teaching a \u201cCourse on Markets, government and corruption\u201d (Spring 2010) and a \u201cCourse on Markets, white-color crime and regulation in Europe\u201d (Spring 2009)&#8221; uncode_shortcode_id=&#8221;512088&#8243; text_color_type=&#8221;uncode-palette&#8221; text_color_solid=&#8221;#ff0000&#8243;]Adjunct Professor at the Illinois College of Law[\/vc_custom_heading][\/vc_column][vc_column column_width_percent=&#8221;100&#8243; align_horizontal=&#8221;align_center&#8221; gutter_size=&#8221;3&#8243; overlay_alpha=&#8221;50&#8243; shift_x=&#8221;0&#8243; shift_y=&#8221;0&#8243; shift_y_down=&#8221;0&#8243; z_index=&#8221;0&#8243; medium_width=&#8221;0&#8243; mobile_width=&#8221;0&#8243; width=&#8221;1\/2&#8243;][vc_single_image media=&#8221;166743&#8243; media_width_percent=&#8221;100&#8243; media_ratio=&#8221;sixteen-nine&#8221; shape=&#8221;img-round&#8221; radius=&#8221;lg&#8221; uncode_shortcode_id=&#8221;282031&#8243;][vc_custom_heading heading_semantic=&#8221;h4&#8243; text_size=&#8221;h4&#8243; sub_lead=&#8221;small&#8221; subheading=&#8221;Urbana, Illinois, United States of<br \/>\nAmerica, in 2006 and 2007. Teaching a \u201cCourse on terrorism, crimes against humanity and European human rights law\u201d (Spring 2007) and a \u201cCourse on Transnational criminality and European human rights law\u201d (Spring 2006)&#8221; uncode_shortcode_id=&#8221;162255&#8243; text_color_type=&#8221;uncode-palette&#8221; text_color_solid=&#8221;#ff0000&#8243;]Visiting Professor at the Illinois College of Law[\/vc_custom_heading][\/vc_column][\/vc_row][vc_row][vc_column width=&#8221;1\/1&#8243;][vc_empty_space empty_h=&#8221;2&#8243;][\/vc_column][\/vc_row][vc_row row_height_percent=&#8221;0&#8243; override_padding=&#8221;yes&#8221; h_padding=&#8221;2&#8243; top_padding=&#8221;0&#8243; bottom_padding=&#8221;0&#8243; overlay_alpha=&#8221;50&#8243; equal_height=&#8221;yes&#8221; gutter_size=&#8221;4&#8243; column_width_percent=&#8221;100&#8243; shift_y=&#8221;0&#8243; z_index=&#8221;0&#8243; content_parallax=&#8221;0&#8243; uncode_shortcode_id=&#8221;183554&#8243;][vc_column column_width_percent=&#8221;100&#8243; position_vertical=&#8221;middle&#8221; align_horizontal=&#8221;align_center&#8221; gutter_size=&#8221;3&#8243; overlay_alpha=&#8221;50&#8243; shift_x=&#8221;0&#8243; shift_y=&#8221;0&#8243; shift_y_down=&#8221;0&#8243; z_index=&#8221;0&#8243; medium_width=&#8221;0&#8243; mobile_width=&#8221;0&#8243; width=&#8221;1\/3&#8243;][vc_single_image media=&#8221;166749&#8243; media_width_percent=&#8221;100&#8243; media_ratio=&#8221;sixteen-nine&#8221; shape=&#8221;img-round&#8221; radius=&#8221;lg&#8221; uncode_shortcode_id=&#8221;121225&#8243;][vc_custom_heading heading_semantic=&#8221;h3&#8243; text_size=&#8221;h4&#8243; sub_lead=&#8221;small&#8221; subheading=&#8221;Shanghai, China, in 2006. Teaching a \u201cCourse on European Human Rights Law\u201d (Fall 2006)&#8221; uncode_shortcode_id=&#8221;198957&#8243;]Visiting Professor at the Jiao Tong University[\/vc_custom_heading][\/vc_column][vc_column column_width_percent=&#8221;100&#8243; align_horizontal=&#8221;align_center&#8221; gutter_size=&#8221;3&#8243; overlay_alpha=&#8221;50&#8243; shift_x=&#8221;0&#8243; shift_y=&#8221;0&#8243; shift_y_down=&#8221;0&#8243; z_index=&#8221;0&#8243; medium_width=&#8221;0&#8243; mobile_width=&#8221;0&#8243; width=&#8221;1\/3&#8243;][vc_single_image media=&#8221;166748&#8243; media_width_percent=&#8221;100&#8243; media_ratio=&#8221;sixteen-nine&#8221; shape=&#8221;img-round&#8221; radius=&#8221;lg&#8221; uncode_shortcode_id=&#8221;649965&#8243;][vc_custom_heading heading_semantic=&#8221;h4&#8243; text_size=&#8221;h4&#8243; sub_lead=&#8221;small&#8221; subheading=&#8221;In 2007. Teaching a \u201cCourse on International Human Rights Law\u201d (June 2006)&#8221; uncode_shortcode_id=&#8221;134379&#8243;]Visiting Professor at the University of Guin\u00e9-Bissau[\/vc_custom_heading][\/vc_column][vc_column width=&#8221;1\/3&#8243;][vc_single_image media=&#8221;166747&#8243; media_width_percent=&#8221;100&#8243; media_ratio=&#8221;sixteen-nine&#8221; shape=&#8221;img-round&#8221; radius=&#8221;lg&#8221; uncode_shortcode_id=&#8221;918137&#8243;][vc_custom_heading heading_semantic=&#8221;h4&#8243; text_size=&#8221;h4&#8243; sub_lead=&#8221;small&#8221; subheading=&#8221;(English Thesis) of the RENE CASSIN Institute in Strasbourg, France, 2014&#8243; uncode_shortcode_id=&#8221;114755&#8243;]President of the Jury of the Rene Cassin Prize[\/vc_custom_heading][\/vc_column][\/vc_row][vc_row row_height_percent=&#8221;0&#8243; override_padding=&#8221;yes&#8221; h_padding=&#8221;2&#8243; top_padding=&#8221;5&#8243; bottom_padding=&#8221;3&#8243; overlay_alpha=&#8221;50&#8243; gutter_size=&#8221;3&#8243; column_width_percent=&#8221;100&#8243; shift_y=&#8221;0&#8243; z_index=&#8221;0&#8243; uncode_shortcode_id=&#8221;117715&#8243;][vc_column column_width_percent=&#8221;100&#8243; gutter_size=&#8221;4&#8243; overlay_alpha=&#8221;50&#8243; shift_x=&#8221;0&#8243; shift_y=&#8221;0&#8243; shift_y_down=&#8221;0&#8243; z_index=&#8221;0&#8243; medium_width=&#8221;0&#8243; mobile_width=&#8221;0&#8243; width=&#8221;1\/1&#8243; uncode_shortcode_id=&#8221;151633&#8243;][vc_custom_heading heading_semantic=&#8221;h3&#8243; text_size=&#8221;h4&#8243; uncode_shortcode_id=&#8221;170631&#8243;]Member of PHD jury committees in foreign Universities[\/vc_custom_heading][\/vc_column][\/vc_row][vc_row row_height_percent=&#8221;0&#8243; override_padding=&#8221;yes&#8221; h_padding=&#8221;2&#8243; top_padding=&#8221;0&#8243; bottom_padding=&#8221;5&#8243; overlay_alpha=&#8221;50&#8243; gutter_size=&#8221;4&#8243; column_width_percent=&#8221;100&#8243; shift_y=&#8221;0&#8243; z_index=&#8221;0&#8243; uncode_shortcode_id=&#8221;142634&#8243;][vc_column column_width_percent=&#8221;100&#8243; gutter_size=&#8221;2&#8243; overlay_alpha=&#8221;50&#8243; shift_x=&#8221;0&#8243; shift_y=&#8221;0&#8243; shift_y_down=&#8221;0&#8243; z_index=&#8221;0&#8243; medium_width=&#8221;2&#8243; mobile_width=&#8221;0&#8243; css_animation=&#8221;alpha-anim&#8221; animation_speed=&#8221;1000&#8243; sticky=&#8221;yes&#8221; width=&#8221;4\/12&#8243; uncode_shortcode_id=&#8221;209223&#8243;][vc_empty_space empty_h=&#8221;2&#8243;][vc_single_image media=&#8221;166750&#8243; media_width_percent=&#8221;100&#8243; media_ratio=&#8221;nine-sixteen&#8221; shape=&#8221;img-round&#8221; radius=&#8221;lg&#8221; uncode_shortcode_id=&#8221;132977&#8243;][\/vc_column][vc_column column_width_percent=&#8221;100&#8243; gutter_size=&#8221;3&#8243; overlay_alpha=&#8221;50&#8243; shift_x=&#8221;0&#8243; shift_y=&#8221;0&#8243; shift_y_down=&#8221;0&#8243; z_index=&#8221;0&#8243; medium_width=&#8221;6&#8243; mobile_width=&#8221;0&#8243; css_animation=&#8221;alpha-anim&#8221; animation_speed=&#8221;1000&#8243; width=&#8221;8\/12&#8243; uncode_shortcode_id=&#8221;196782&#8243;][vc_custom_heading heading_semantic=&#8221;h5&#8243; text_size=&#8221;h6&#8243; text_height=&#8221;fontheight-357766&#8243; uncode_shortcode_id=&#8221;213377&#8243;]With the task of discussant of doctoral dissertations, such as:[\/vc_custom_heading][vc_accordion typography=&#8221;advanced&#8221; sign=&#8221;plus&#8221; label_border=&#8221;yes&#8221; content_border=&#8221;yes&#8221; gutter_simple=&#8221;0&#8243; no_h_padding=&#8221;yes&#8221; titles_size=&#8221;h4&#8243; titles_weight=&#8221;600&#8243; uncode_shortcode_id=&#8221;744691&#8243; active_tab=&#8221;0&#8243;][vc_accordion_tab gutter_size=&#8221;3&#8243; column_padding=&#8221;2&#8243; title=&#8221;Doctoral Dissertation: \u201cSilence in Court: Limited English Proficiency Defendants in Irish Criminal District Courts\u201d&#8221; tab_id=&#8221;efe01523-2776-616726707058391715758053407a547-84b6&#8243;][vc_column_text uncode_shortcode_id=&#8221;105370&#8243;]Submitted by Dr. Maria Manuela de Almeida Silva to the UNIVERSITY OF GALWAY, Ireland \u2013 12 December 2023[\/vc_column_text][\/vc_accordion_tab][vc_accordion_tab gutter_size=&#8221;3&#8243; column_padding=&#8221;2&#8243; title=&#8221;Doctoral Dissertation: \u201cL\u2019ex\u00e9cution des arr\u00eats de la Cour europ\u00e9enne des droits de l\u2019homme: flexibilit\u00e9, variabilit\u00e9, effectivit\u00e9\u201d&#8221; tab_id=&#8221;1665420124-2-016726707058391715758053407a547-84b6&#8243;][vc_column_text uncode_shortcode_id=&#8221;157037&#8243;]Submitted by Dr. Olga Bodnarchuk to the UNIVERSITY OF AIX-EN-PROVENCE, France \u2013 25 November 2023[\/vc_column_text][\/vc_accordion_tab][vc_accordion_tab gutter_size=&#8221;3&#8243; column_padding=&#8221;2&#8243; title=&#8221;Doctoral Dissertation: \u201cSoft law et droit international des droits de l\u2019homme\u201d&#8221; tab_id=&#8221;10314d48-70e0-016726707058391715758053407a547-84b6&#8243;][vc_column_text uncode_shortcode_id=&#8221;413823&#8243;]Submitted by Dr. Charlotte Piveteau to the UNIVERSITY OF GRENOBLE-ALPES, France \u2013 22 September 202[\/vc_column_text][\/vc_accordion_tab][vc_accordion_tab gutter_size=&#8221;3&#8243; column_padding=&#8221;2&#8243; title=&#8221;Doctoral Dissertation: &#8220;The structural procedure within provisional measures of the Interamerican Court of Human Rights: between the lights of enforcement and the shadows of caution&#8220;&#8221; tab_id=&#8221;1665420124-1-8616726707058391715758053407a547-84b6&#8243;][vc_column_text uncode_shortcode_id=&#8221;858811&#8243;]Submitted by Dra. Isabel Penido de Campos Machado to the UNIVERSITY OF S\u00c3O PAULO, Brasil \u2013 4 April 2023[\/vc_column_text][\/vc_accordion_tab][vc_accordion_tab gutter_size=&#8221;3&#8243; column_padding=&#8221;2&#8243; title=&#8221;Doctoral Dissertation: &#8220;The efficacy of the friendly settlement procedure: an analysis of the fulfilment of the agreements brokered before the Interamerican Commission of Human Rights&#8220;&#8221; tab_id=&#8221;6232a039-f9b5-716726707058391715758053407a547-84b6&#8243;][vc_column_text uncode_shortcode_id=&#8221;814298&#8243;]Submitted by Dr. Mara L\u00edvia Moreira Damasceno to the UNIVERSITY OF FORTALEZA, Brasil \u2013 29 August 2022[\/vc_column_text][\/vc_accordion_tab][vc_accordion_tab gutter_size=&#8221;3&#8243; column_padding=&#8221;2&#8243; title=&#8221;Doctoral Dissertation: &#8220;The American Convention on Human Rights as a project for the Americas: a local history of an universal quest&#8220;&#8221; tab_id=&#8221;48f28542-59c9-01715758053407a547-84b6&#8243;][vc_column_text uncode_shortcode_id=&#8221;161024&#8243;]submitted by Dr. Raquel da Cruz Lima to the UNIVERSITY OF S\u00c3O PAULO, Brasil \u2013 13 April 2022[\/vc_column_text][\/vc_accordion_tab][vc_accordion_tab gutter_size=&#8221;3&#8243; column_padding=&#8221;2&#8243; title=&#8221;Doctoral Dissertation: \u201cThe Use of External Judicial Decisions by Regional Human Rights Courts\u201d&#8221; tab_id=&#8221;48f28542-59c9-01715758053407a547-84b65&#8243;][vc_column_text uncode_shortcode_id=&#8221;164177&#8243;]Submitted by Dr. Martin Lolle Christensen to the EUROPEAN UNIVERSITY INSTITUTE, Florence, Italy \u2013 14 December 2021[\/vc_column_text][\/vc_accordion_tab][vc_accordion_tab gutter_size=&#8221;3&#8243; column_padding=&#8221;2&#8243; title=&#8221;Doctoral Dissertation \u201cLe pr\u00e9ambule en droit international des droits de l\u2019homme. Une analyse critique du discours des droits de l\u2019homme en droit international\u201d&#8221; tab_id=&#8221;48f28542-59c9-01715758053407a547-84b655&#8243;][vc_column_text uncode_shortcode_id=&#8221;701890&#8243;]Submitted by Dr. Guillaume Dartigue to the UNIVERSITY OF STRABOURG, France \u2013 23 October 2021[\/vc_column_text][\/vc_accordion_tab][vc_accordion_tab gutter_size=&#8221;3&#8243; column_padding=&#8221;2&#8243; title=&#8221;Doctoral Dissertation: \u201cSaisines Strat\u00e9giques et Cour Europ\u00e9enne des Droits de l\u2019Homme\u201d&#8221; tab_id=&#8221;48f28542-59c9-01715758053407a547-84b6557&#8243;][vc_column_text uncode_shortcode_id=&#8221;156442&#8243;]Submitted by Dr. Wencelas Monzala to the UNIVERSITY OF TOULOUSE CAPITOLE, France \u2013 5 January 2021[\/vc_column_text][\/vc_accordion_tab][vc_accordion_tab gutter_size=&#8221;3&#8243; column_padding=&#8221;2&#8243; title=&#8221;Doctoral Dissertation: \u201cLa notion de vulnerabilit\u00e9 dans la jurisprudence de la Cour Europ\u00e9enne des Droits de l\u2019Homme. Contours et utilit\u00e9 d\u2019un concept en vogue\u201d&#8221; tab_id=&#8221;48f28542-59c9-01715758053407a547-84b65573&#8243;][vc_column_text uncode_shortcode_id=&#8221;404289&#8243;]Submitted by Dr. Nesa Zimmermann to the UNIVERSITY OF GENEBRA, Switzerland \u2013 4 December 2020[\/vc_column_text][\/vc_accordion_tab][vc_accordion_tab gutter_size=&#8221;3&#8243; column_padding=&#8221;2&#8243; title=&#8221;Doctoral Dissertation: \u201cLegality in Europe. On the principle \u201cnullum crimen, nulla poena sine lege\u201d in EU law and under the ECHR\u201d&#8221; tab_id=&#8221;48f28542-59c9-01715758053407a547-84b655738&#8243;][vc_column_text uncode_shortcode_id=&#8221;122164&#8243;]submitted by Dr. Mikhel Timmerman to the EUROPEAN UNIVERSITY INSTITUTE, Florence, Italy \u2013 June 2018[\/vc_column_text][\/vc_accordion_tab][vc_accordion_tab gutter_size=&#8221;3&#8243; column_padding=&#8221;2&#8243; title=&#8221;Doctoral Dissertation: \u201cLe droit \u00e0 la sant\u00e9 dans la jurisprudence de la Cour Europ\u00e9enne des Droits de l\u2019Homme\u201d&#8221; tab_id=&#8221;48f28542-59c9-01715758053407a547-84b6557386&#8243;][vc_column_text uncode_shortcode_id=&#8221;153172&#8243;]Submitted by Dr. \u00c9ric Pailliss\u00e9 to the UNIVERSITY OF PERPIGAN, France \u2013 June 2018[\/vc_column_text][\/vc_accordion_tab][vc_accordion_tab gutter_size=&#8221;3&#8243; column_padding=&#8221;2&#8243; title=&#8221;Doctoral Dissertation: \u201cCrossing Divides and Seeing the Whole: an Integrated View of Cultural Difference and Economic Disadvantage in Regional Human Rights Courts\u201d&#8221; tab_id=&#8221;48f28542-59c9-01715758053407a547-84b65573864&#8243;][vc_column_text uncode_shortcode_id=&#8221;205618&#8243;]Submitted by Dr. Valeska David to the UNIVERSITY OF GHENT, Belgium \u2013 March 2018[\/vc_column_text][\/vc_accordion_tab][vc_accordion_tab gutter_size=&#8221;3&#8243; column_padding=&#8221;2&#8243; title=&#8221;Doctoral Dissertation: \u201cDetermining Torture in Interrogation cases. Comparative Analysis of the Case Law of the European Court of Human Rights, the UN Bodies and the US Courts\u201d&#8221; tab_id=&#8221;48f28542-59c9-01715758053407a547-84b655738641&#8243;][vc_column_text uncode_shortcode_id=&#8221;941574&#8243;]submitted by Dr. Liana Muntean to the CENTRAL EUROPEAN UNIVERSITY, Budapest, Hungary \u2013 February 2018[\/vc_column_text][\/vc_accordion_tab][vc_accordion_tab gutter_size=&#8221;3&#8243; column_padding=&#8221;2&#8243; title=&#8221;Doctoral Dissertation: \u201cThe Idea of Punishment in International Human Rights Discourse: A Conceptual and Historical Critique\u201d&#8221; tab_id=&#8221;48f28542-59c9-01715758053407a547-84b6557386412&#8243;][vc_column_text uncode_shortcode_id=&#8221;207569&#8243;]Submitted by Dr. Adnan Sattar to the UNIVERSITY OF MIDDLESEX, London, United Kingdom \u2013 December 2017[\/vc_column_text][\/vc_accordion_tab][vc_accordion_tab gutter_size=&#8221;3&#8243; column_padding=&#8221;2&#8243; title=&#8221;Doctoral Dissertation: \u201cLa Protection de la substance du droit par la Cour Europ\u00e9enne des Droits de l\u2019Homme\u201d&#8221; tab_id=&#8221;48f28542-59c9-01715758053407a547-84b65573864126&#8243;][vc_column_text uncode_shortcode_id=&#8221;176402&#8243;]Submitted by Dr. Olivia Rouziere-Beaulieu to the UNIVERSITY OF MONTPELLIER, France \u2013 September 2017[\/vc_column_text][\/vc_accordion_tab][vc_accordion_tab gutter_size=&#8221;3&#8243; column_padding=&#8221;2&#8243; title=&#8221;Doctoral Dissertation: \u201cLe droit d\u2019agir devant la Cour Europ\u00e9enne des Droits de l\u2019Homme\u201d&#8221; tab_id=&#8221;48f28542-59c9-01715758053407a547-84b655738641260&#8243;][vc_column_text uncode_shortcode_id=&#8221;195023&#8243;]Submitted by Dr. Sarah Teweleit to the UNIVERSITY OF BORDEAUX, France \u2013 March 2017[\/vc_column_text][\/vc_accordion_tab][vc_accordion_tab gutter_size=&#8221;3&#8243; column_padding=&#8221;2&#8243; title=&#8221;Doctoral Dissertation: \u201cL\u2019interpr\u00e9tation \u00e9volutive des conventions internationales de protection des droits de l\u2019homme. Contribution \u00e0 l\u2019\u00e9tude de la fonction interpr\u00e9tative du juge international\u201d&#8221; tab_id=&#8221;48f28542-59c9-01715758053407a547-84b6557386412608&#8243;][vc_column_text uncode_shortcode_id=&#8221;928750&#8243;]Submitted by Dr. Julie Ferrero to the UNIVERSITY OF AIX-EN-PROVENCE \u2013 December 2015[\/vc_column_text][\/vc_accordion_tab][\/vc_accordion][\/vc_column][\/vc_row]<\/p>\n<\/div>","protected":false},"excerpt":{"rendered":"<p>[vc_row unlock_row_content=&#8221;yes&#8221; row_height_percent=&#8221;0&#8243; override_padding=&#8221;yes&#8221; h_padding=&#8221;7&#8243; top_padding=&#8221;7&#8243; bottom_padding=&#8221;7&#8243; back_image=&#8221;166745&#8243; back_position=&#8221;center center&#8221; overlay_alpha=&#8221;50&#8243; overlay_color_blend=&#8221;multiply&#8221; gutter_size=&#8221;3&#8243; column_width_percent=&#8221;100&#8243; shift_y=&#8221;0&#8243; z_index=&#8221;0&#8243; bottom_divider=&#8221;gradient&#8221; css_animation=&#8221;scroll-trigger&#8221; animation_state=&#8221;end&#8221; animation_origin=&#8221;center&#8221; [&hellip;]<\/p>\n","protected":false},"author":1,"featured_media":0,"parent":0,"menu_order":0,"comment_status":"closed","ping_status":"closed","template":"","meta":{"footnotes":""},"class_list":["post-166726","page","type-page","status-publish","hentry"],"_links":{"self":[{"href":"https:\/\/dev.creativewalkers.com\/pa\/wp-json\/wp\/v2\/pages\/166726","targetHints":{"allow":["GET"]}}],"collection":[{"href":"https:\/\/dev.creativewalkers.com\/pa\/wp-json\/wp\/v2\/pages"}],"about":[{"href":"https:\/\/dev.creativewalkers.com\/pa\/wp-json\/wp\/v2\/types\/page"}],"author":[{"embeddable":true,"href":"https:\/\/dev.creativewalkers.com\/pa\/wp-json\/wp\/v2\/users\/1"}],"replies":[{"embeddable":true,"href":"https:\/\/dev.creativewalkers.com\/pa\/wp-json\/wp\/v2\/comments?post=166726"}],"version-history":[{"count":9,"href":"https:\/\/dev.creativewalkers.com\/pa\/wp-json\/wp\/v2\/pages\/166726\/revisions"}],"predecessor-version":[{"id":167195,"href":"https:\/\/dev.creativewalkers.com\/pa\/wp-json\/wp\/v2\/pages\/166726\/revisions\/167195"}],"wp:attachment":[{"href":"https:\/\/dev.creativewalkers.com\/pa\/wp-json\/wp\/v2\/media?parent=166726"}],"curies":[{"name":"wp","href":"https:\/\/api.w.org\/{rel}","templated":true}]}}