{"id":167018,"date":"2026-02-10T11:04:48","date_gmt":"2026-02-10T11:04:48","guid":{"rendered":"https:\/\/dev.creativewalkers.com\/pa\/?page_id=167018"},"modified":"2026-02-22T22:27:42","modified_gmt":"2026-02-22T22:27:42","slug":"the-right-to-an-effective-remedy","status":"publish","type":"page","link":"https:\/\/dev.creativewalkers.com\/pa\/adjudication\/the-right-to-an-effective-remedy\/","title":{"rendered":"The Right to an Effective Remedy"},"content":{"rendered":"<div class=\"wpb-content-wrapper\"><p>[vc_row unlock_row_content=&#8221;yes&#8221; row_height_percent=&#8221;0&#8243; override_padding=&#8221;yes&#8221; h_padding=&#8221;7&#8243; top_padding=&#8221;7&#8243; bottom_padding=&#8221;7&#8243; back_image=&#8221;166597&#8243; back_position=&#8221;center center&#8221; overlay_alpha=&#8221;50&#8243; overlay_color_blend=&#8221;multiply&#8221; gutter_size=&#8221;3&#8243; column_width_percent=&#8221;100&#8243; shift_y=&#8221;0&#8243; z_index=&#8221;0&#8243; bottom_divider=&#8221;gradient&#8221; css_animation=&#8221;scroll-trigger&#8221; animation_state=&#8221;end&#8221; animation_origin=&#8221;center&#8221; animation_scale_val=&#8221;100&#8243; animation_opacity=&#8221;0&#8243; animation_x=&#8221;0&#8243; animation_y=&#8221;0&#8243; animation_blur=&#8221;0&#8243; animation_rotate=&#8221;0&#8243; animation_perspective=&#8221;0&#8243; animation_offset_top=&#8221;0&#8243; animation_offset_bottom=&#8221;85&#8243; content_parallax=&#8221;3&#8243; uncode_shortcode_id=&#8221;309354&#8243; back_color_type=&#8221;uncode-solid&#8221; overlay_color_type=&#8221;uncode-solid&#8221; overlay_color_solid=&#8221;#0c4f48&#8243; back_color_solid=&#8221;#0c4f48&#8243;][vc_column column_width_percent=&#8221;100&#8243; position_vertical=&#8221;bottom&#8221; gutter_size=&#8221;4&#8243; style=&#8221;dark&#8221; overlay_alpha=&#8221;50&#8243; shift_x=&#8221;0&#8243; shift_y=&#8221;0&#8243; shift_y_down=&#8221;0&#8243; z_index=&#8221;0&#8243; medium_width=&#8221;0&#8243; mobile_width=&#8221;0&#8243; width=&#8221;1\/1&#8243; uncode_shortcode_id=&#8221;171104&#8243;][vc_row_inner limit_content=&#8221;&#8221;][vc_column_inner column_width_percent=&#8221;100&#8243; position_horizontal=&#8221;left&#8221; gutter_size=&#8221;3&#8243; style=&#8221;dark&#8221; overlay_alpha=&#8221;50&#8243; shift_x=&#8221;0&#8243; shift_y=&#8221;0&#8243; shift_y_down=&#8221;0&#8243; z_index=&#8221;0&#8243; medium_width=&#8221;0&#8243; mobile_width=&#8221;0&#8243; width=&#8221;9\/12&#8243; uncode_shortcode_id=&#8221;311432&#8243;][vc_custom_heading heading_semantic=&#8221;h3&#8243; text_font=&#8221;font-161747&#8243; text_size=&#8221;custom&#8221; text_weight=&#8221;300&#8243; text_space=&#8221;fontspace-111509&#8243; uncode_shortcode_id=&#8221;167084&#8243; heading_custom_size=&#8221;clamp(50px,7vw,125px)&#8221;]Adjudication[\/vc_custom_heading][vc_custom_heading text_color=&#8221;color-xsdn&#8221; heading_semantic=&#8221;h6&#8243; uncode_shortcode_id=&#8221;133033&#8243; text_color_type=&#8221;uncode-palette&#8221;]THE RIGHT TO AN EFFECTIVE REMEDY[\/vc_custom_heading][\/vc_column_inner][vc_column_inner column_width_percent=&#8221;100&#8243; gutter_size=&#8221;3&#8243; overlay_alpha=&#8221;50&#8243; shift_x=&#8221;0&#8243; shift_y=&#8221;0&#8243; shift_y_down=&#8221;0&#8243; z_index=&#8221;0&#8243; medium_visibility=&#8221;yes&#8221; medium_width=&#8221;0&#8243; mobile_visibility=&#8221;yes&#8221; mobile_width=&#8221;0&#8243; width=&#8221;3\/12&#8243; uncode_shortcode_id=&#8221;100417&#8243;][\/vc_column_inner][\/vc_row_inner][\/vc_column][\/vc_row][vc_row unlock_row_content=&#8221;yes&#8221; row_height_percent=&#8221;0&#8243; override_padding=&#8221;yes&#8221; h_padding=&#8221;2&#8243; top_padding=&#8221;2&#8243; bottom_padding=&#8221;2&#8243; back_color=&#8221;color-xsdn&#8221; overlay_alpha=&#8221;50&#8243; gutter_size=&#8221;3&#8243; column_width_percent=&#8221;100&#8243; shift_y=&#8221;0&#8243; z_index=&#8221;0&#8243; content_parallax=&#8221;0&#8243; uncode_shortcode_id=&#8221;111866&#8243; back_color_type=&#8221;uncode-palette&#8221;][vc_column column_width_percent=&#8221;100&#8243; gutter_size=&#8221;4&#8243; override_padding=&#8221;yes&#8221; column_padding=&#8221;5&#8243; back_color=&#8221;color-xsdn&#8221; overlay_alpha=&#8221;50&#8243; radius=&#8221;std&#8221; shift_x=&#8221;0&#8243; shift_y=&#8221;0&#8243; shift_y_down=&#8221;0&#8243; z_index=&#8221;0&#8243; medium_width=&#8221;0&#8243; mobile_width=&#8221;0&#8243; width=&#8221;1\/1&#8243; uncode_shortcode_id=&#8221;868186&#8243; back_color_type=&#8221;uncode-palette&#8221;][vc_accordion no_toggle=&#8221;yes&#8221; gutter_simple=&#8221;0&#8243; active_tab=&#8221;0&#8243; uncode_shortcode_id=&#8221;291747&#8243;][vc_accordion_tab gutter_size=&#8221;2&#8243; column_padding=&#8221;2&#8243; title=&#8221;Grand Chamber Judgments&#8221; tab_id=&#8221;d21d5937-3bb0-215556789140011555679505952d6a2-ca1e&#8221;][vc_row_inner][vc_column_inner width=&#8221;2\/3&#8243;][vc_empty_space empty_h=&#8221;1&#8243;][vc_column_text uncode_shortcode_id=&#8221;155114&#8243;]DE SOUZA RIBEIRO v. FRANCE (application no. 22689\/07, judgment of 13 December 2012): expulsion of undocumented foreign migrant.[\/vc_column_text][\/vc_column_inner][vc_column_inner column_width_percent=&#8221;100&#8243; position_vertical=&#8221;middle&#8221; gutter_size=&#8221;3&#8243; overlay_alpha=&#8221;50&#8243; shift_x=&#8221;0&#8243; shift_y=&#8221;0&#8243; shift_y_down=&#8221;0&#8243; z_index=&#8221;0&#8243; medium_width=&#8221;0&#8243; mobile_width=&#8221;0&#8243; width=&#8221;1\/3&#8243; uncode_shortcode_id=&#8221;152120&#8243;][vc_empty_space empty_h=&#8221;1&#8243;][vc_button radius=&#8221;btn-round&#8221; border_width=&#8221;0&#8243; button_color_type=&#8221;uncode-solid&#8221; button_color_solid=&#8221;#0c4f48&#8243; uncode_shortcode_id=&#8221;297032&#8243; link=&#8221;url:https%3A%2F%2Fhudoc.echr.coe.int%2Ffre%23%7B%2522itemid%2522%3A%5B%2522001-115498%2522%5D%7D|target:_blank&#8221;]Access Decision[\/vc_button][\/vc_column_inner][\/vc_row_inner][\/vc_accordion_tab][vc_accordion_tab gutter_size=&#8221;2&#8243; column_padding=&#8221;2&#8243; title=&#8221;Section IV Judgments&#8221; tab_id=&#8221;1768653103440-4-8&#8243;][vc_row_inner][vc_column_inner width=&#8221;2\/3&#8243;][vc_empty_space empty_h=&#8221;1&#8243;][vc_column_text uncode_shortcode_id=&#8221;931077&#8243;]JANU\u0160KEVI\u010cIEN\u0116 V. LITHUANIA (application no. 69717\/14, judgment of 3 September 2019): difference from objection of non-exhaustion of domestic remedies, judgment with statements which established third parties\u2019 guilt in respect of criminal acts.[\/vc_column_text][\/vc_column_inner][vc_column_inner column_width_percent=&#8221;100&#8243; position_vertical=&#8221;middle&#8221; gutter_size=&#8221;3&#8243; overlay_alpha=&#8221;50&#8243; shift_x=&#8221;0&#8243; shift_y=&#8221;0&#8243; shift_y_down=&#8221;0&#8243; z_index=&#8221;0&#8243; medium_width=&#8221;0&#8243; mobile_width=&#8221;0&#8243; width=&#8221;1\/3&#8243; uncode_shortcode_id=&#8221;152120&#8243;][vc_empty_space empty_h=&#8221;1&#8243;][vc_button radius=&#8221;btn-round&#8221; border_width=&#8221;0&#8243; button_color_type=&#8221;uncode-solid&#8221; button_color_solid=&#8221;#0c4f48&#8243; uncode_shortcode_id=&#8221;554726&#8243; link=&#8221;url:https%3A%2F%2Fhudoc.echr.coe.int%2Feng%23%7B%2522itemid%2522%3A%5B%2522001-195531%2522%5D%7D|target:_blank&#8221;]Access Decision[\/vc_button][\/vc_column_inner][\/vc_row_inner][\/vc_accordion_tab][\/vc_accordion][\/vc_column][\/vc_row]<\/p>\n<\/div>","protected":false},"excerpt":{"rendered":"<p>[vc_row unlock_row_content=&#8221;yes&#8221; row_height_percent=&#8221;0&#8243; override_padding=&#8221;yes&#8221; h_padding=&#8221;7&#8243; top_padding=&#8221;7&#8243; bottom_padding=&#8221;7&#8243; back_image=&#8221;166597&#8243; back_position=&#8221;center center&#8221; overlay_alpha=&#8221;50&#8243; overlay_color_blend=&#8221;multiply&#8221; gutter_size=&#8221;3&#8243; column_width_percent=&#8221;100&#8243; shift_y=&#8221;0&#8243; z_index=&#8221;0&#8243; bottom_divider=&#8221;gradient&#8221; css_animation=&#8221;scroll-trigger&#8221; animation_state=&#8221;end&#8221; animation_origin=&#8221;center&#8221; [&hellip;]<\/p>\n","protected":false},"author":1,"featured_media":0,"parent":166607,"menu_order":0,"comment_status":"closed","ping_status":"closed","template":"","meta":{"footnotes":""},"class_list":["post-167018","page","type-page","status-publish","hentry"],"_links":{"self":[{"href":"https:\/\/dev.creativewalkers.com\/pa\/wp-json\/wp\/v2\/pages\/167018","targetHints":{"allow":["GET"]}}],"collection":[{"href":"https:\/\/dev.creativewalkers.com\/pa\/wp-json\/wp\/v2\/pages"}],"about":[{"href":"https:\/\/dev.creativewalkers.com\/pa\/wp-json\/wp\/v2\/types\/page"}],"author":[{"embeddable":true,"href":"https:\/\/dev.creativewalkers.com\/pa\/wp-json\/wp\/v2\/users\/1"}],"replies":[{"embeddable":true,"href":"https:\/\/dev.creativewalkers.com\/pa\/wp-json\/wp\/v2\/comments?post=167018"}],"version-history":[{"count":4,"href":"https:\/\/dev.creativewalkers.com\/pa\/wp-json\/wp\/v2\/pages\/167018\/revisions"}],"predecessor-version":[{"id":167178,"href":"https:\/\/dev.creativewalkers.com\/pa\/wp-json\/wp\/v2\/pages\/167018\/revisions\/167178"}],"up":[{"embeddable":true,"href":"https:\/\/dev.creativewalkers.com\/pa\/wp-json\/wp\/v2\/pages\/166607"}],"wp:attachment":[{"href":"https:\/\/dev.creativewalkers.com\/pa\/wp-json\/wp\/v2\/media?parent=167018"}],"curies":[{"name":"wp","href":"https:\/\/api.w.org\/{rel}","templated":true}]}}