{"id":65550,"date":"2017-08-30T11:33:14","date_gmt":"2017-08-30T09:33:14","guid":{"rendered":"https:\/\/undsgn.com\/uncode\/?page_id=65550"},"modified":"2026-02-25T22:58:38","modified_gmt":"2026-02-25T22:58:38","slug":"organisation","status":"publish","type":"page","link":"https:\/\/dev.creativewalkers.com\/pa\/organisation\/","title":{"rendered":"Organisation"},"content":{"rendered":"<div class=\"wpb-content-wrapper\"><p>[vc_row unlock_row_content=&#8221;yes&#8221; row_height_percent=&#8221;0&#8243; override_padding=&#8221;yes&#8221; h_padding=&#8221;7&#8243; top_padding=&#8221;7&#8243; bottom_padding=&#8221;5&#8243; back_image=&#8221;166961&#8243; back_position=&#8221;center center&#8221; overlay_alpha=&#8221;60&#8243; overlay_color_blend=&#8221;multiply&#8221; gutter_size=&#8221;3&#8243; column_width_percent=&#8221;100&#8243; shift_y=&#8221;0&#8243; z_index=&#8221;0&#8243; bottom_divider=&#8221;gradient&#8221; css_animation=&#8221;scroll-trigger&#8221; animation_state=&#8221;end&#8221; animation_origin=&#8221;center&#8221; animation_scale_val=&#8221;100&#8243; animation_opacity=&#8221;0&#8243; animation_x=&#8221;0&#8243; animation_y=&#8221;0&#8243; animation_blur=&#8221;0&#8243; animation_rotate=&#8221;0&#8243; animation_perspective=&#8221;0&#8243; animation_offset_top=&#8221;0&#8243; animation_offset_bottom=&#8221;85&#8243; content_parallax=&#8221;3&#8243; uncode_shortcode_id=&#8221;121244&#8243; back_color_type=&#8221;uncode-solid&#8221; overlay_color_type=&#8221;uncode-solid&#8221; overlay_color_solid=&#8221;#0c4f48&#8243; back_color_solid=&#8221;#ffffff&#8221;][vc_column column_width_percent=&#8221;100&#8243; position_vertical=&#8221;middle&#8221; gutter_size=&#8221;4&#8243; style=&#8221;dark&#8221; overlay_alpha=&#8221;50&#8243; shift_x=&#8221;0&#8243; shift_y=&#8221;0&#8243; shift_y_down=&#8221;0&#8243; z_index=&#8221;0&#8243; medium_width=&#8221;0&#8243; mobile_width=&#8221;0&#8243; width=&#8221;1\/1&#8243; uncode_shortcode_id=&#8221;125312&#8243;][vc_custom_heading heading_semantic=&#8221;h3&#8243; text_font=&#8221;font-161747&#8243; text_size=&#8221;fontsize-338686&#8243; text_weight=&#8221;300&#8243; text_space=&#8221;fontspace-111509&#8243; uncode_shortcode_id=&#8221;124749&#8243;]Organisation[\/vc_custom_heading][\/vc_column][\/vc_row][vc_row row_height_percent=&#8221;0&#8243; override_padding=&#8221;yes&#8221; h_padding=&#8221;2&#8243; top_padding=&#8221;2&#8243; bottom_padding=&#8221;5&#8243; back_color=&#8221;color-xsdn&#8221; overlay_alpha=&#8221;50&#8243; gutter_size=&#8221;4&#8243; column_width_percent=&#8221;100&#8243; shift_y=&#8221;0&#8243; z_index=&#8221;0&#8243; content_parallax=&#8221;0&#8243; uncode_shortcode_id=&#8221;129331&#8243; back_color_type=&#8221;uncode-palette&#8221;][vc_column column_width_percent=&#8221;100&#8243; gutter_size=&#8221;2&#8243; overlay_alpha=&#8221;50&#8243; shift_x=&#8221;0&#8243; shift_y=&#8221;0&#8243; shift_y_down=&#8221;0&#8243; z_index=&#8221;0&#8243; medium_width=&#8221;2&#8243; mobile_width=&#8221;0&#8243; css_animation=&#8221;alpha-anim&#8221; animation_speed=&#8221;1000&#8243; width=&#8221;4\/12&#8243; uncode_shortcode_id=&#8221;183889&#8243;][vc_single_image media=&#8221;166960&#8243; media_width_percent=&#8221;100&#8243; media_ratio=&#8221;nine-sixteen&#8221; uncode_shortcode_id=&#8221;143220&#8243;][\/vc_column][vc_column column_width_percent=&#8221;100&#8243; position_vertical=&#8221;middle&#8221; gutter_size=&#8221;3&#8243; overlay_alpha=&#8221;50&#8243; shift_x=&#8221;0&#8243; shift_y=&#8221;0&#8243; shift_y_down=&#8221;0&#8243; z_index=&#8221;0&#8243; medium_width=&#8221;6&#8243; mobile_width=&#8221;0&#8243; css_animation=&#8221;alpha-anim&#8221; animation_speed=&#8221;1000&#8243; width=&#8221;8\/12&#8243; uncode_shortcode_id=&#8221;858439&#8243;][vc_accordion typography=&#8221;advanced&#8221; sign=&#8221;plus&#8221; label_border=&#8221;yes&#8221; content_border=&#8221;yes&#8221; gutter_simple=&#8221;0&#8243; no_h_padding=&#8221;yes&#8221; titles_size=&#8221;h4&#8243; titles_weight=&#8221;600&#8243; uncode_shortcode_id=&#8221;128003&#8243; active_tab=&#8221;0&#8243;][vc_accordion_tab gutter_size=&#8221;3&#8243; column_padding=&#8221;2&#8243; title=&#8221;Conference on the 40th anniversary of the entry into force of the European Convention on Human Rights&#8221; tab_id=&#8221;1665420124-2-0167267070583917157580534078268-862f&#8221;][vc_column_text uncode_shortcode_id=&#8221;916593&#8243;]In September 2016, Professor Albuquerque organised with the then Vice-president of the Constitutional Court Professor Jo\u00e3o Caupers a conference on the 40th anniversary of the entry into force of the European Convention on Human Rights in Portugal, at the Law Faculty of the Lisbon Nova University.[\/vc_column_text][\/vc_accordion_tab][vc_accordion_tab gutter_size=&#8221;3&#8243; column_padding=&#8221;2&#8243; title=&#8221;Conference on the European Convention on Human Rights&#8221; tab_id=&#8221;efe01523-2776-6167267070583917157580534078268-862f&#8221;][vc_row_inner][vc_column_inner width=&#8221;1\/1&#8243;][vc_column_text uncode_shortcode_id=&#8221;147301&#8243;]In June 2019 Professor Albuquerque organised a three-day conference in Lisbon and Porto on the European convention on Human Rights, with 142 speakers (professors from 15 different universities, judges from the Constitutional Court, the Supreme Court, the Administrative Supreme Court and Court of Audit and prosecutors from the General Prosecutor\u2019s Office). The then President of the European Court of Human Rights Judge Alexandre Sicilianos opened the conference and the President of the Republic closed it. The speeches of the participants were published in three volumes, including a preface of the President of the Republic: Coment\u00e1rio da Conven\u00e7\u00e3o Europeia dos Direitos Humanos e dos seus Protocolos Adicionais (Commentary of the European Convention<br \/>\non Human Rights and its Additional Protocols), cited below.[\/vc_column_text][\/vc_column_inner][\/vc_row_inner][\/vc_accordion_tab][vc_accordion_tab gutter_size=&#8221;3&#8243; column_padding=&#8221;2&#8243; title=&#8221;Conference in memory of Justice Maia Gon\u00e7alves&#8221; tab_id=&#8221;10314d48-70e0-0167267070583917157580534078268-862f&#8221;][vc_column_text uncode_shortcode_id=&#8221;187856&#8243;]In September 2010, Professor Albuquerque organised with the then Vice-president of the Supreme Court Dr. Henriques Gaspar a conference in memory of Justice Maia Gon\u00e7alves, at the Supreme Court, Lisbon.[\/vc_column_text][\/vc_accordion_tab][vc_accordion_tab gutter_size=&#8221;3&#8243; column_padding=&#8221;2&#8243; title=&#8221;International conference on the International Criminal Court&#8221; tab_id=&#8221;1665420124-1-86167267070583917157580534078268-862f&#8221;][vc_column_text uncode_shortcode_id=&#8221;835571&#8243;]In March 2006, Professor Albuquerque organised with the then Deputy Prosecutor-General the first international conference on the International Criminal Court in Portugal, with 16 experts. The conference was opened by the Minister of Justice Dr. Alberto Costa and closed by the Judge of the ICC Dra. Sylvia Steiner and the Prosecutor of the ICC Dr. Luis Moreno-Ocampo. The speeches of the participants were published in one volume:<br \/>\nO Tribunal Penal Internacional e a Transforma\u00e7\u00e3o do Direito Internacional (The International Criminal Court and the Transformation of International Law), Lisboa, UCE, 2006.[\/vc_column_text][\/vc_accordion_tab][\/vc_accordion][\/vc_column][\/vc_row]<\/p>\n<\/div>","protected":false},"excerpt":{"rendered":"<p>[vc_row unlock_row_content=&#8221;yes&#8221; row_height_percent=&#8221;0&#8243; override_padding=&#8221;yes&#8221; h_padding=&#8221;7&#8243; top_padding=&#8221;7&#8243; bottom_padding=&#8221;5&#8243; back_image=&#8221;166961&#8243; back_position=&#8221;center center&#8221; overlay_alpha=&#8221;60&#8243; overlay_color_blend=&#8221;multiply&#8221; gutter_size=&#8221;3&#8243; column_width_percent=&#8221;100&#8243; shift_y=&#8221;0&#8243; z_index=&#8221;0&#8243; bottom_divider=&#8221;gradient&#8221; css_animation=&#8221;scroll-trigger&#8221; animation_state=&#8221;end&#8221; animation_origin=&#8221;center&#8221; [&hellip;]<\/p>\n","protected":false},"author":1,"featured_media":0,"parent":0,"menu_order":0,"comment_status":"closed","ping_status":"closed","template":"","meta":{"footnotes":""},"class_list":["post-65550","page","type-page","status-publish","hentry"],"_links":{"self":[{"href":"https:\/\/dev.creativewalkers.com\/pa\/wp-json\/wp\/v2\/pages\/65550","targetHints":{"allow":["GET"]}}],"collection":[{"href":"https:\/\/dev.creativewalkers.com\/pa\/wp-json\/wp\/v2\/pages"}],"about":[{"href":"https:\/\/dev.creativewalkers.com\/pa\/wp-json\/wp\/v2\/types\/page"}],"author":[{"embeddable":true,"href":"https:\/\/dev.creativewalkers.com\/pa\/wp-json\/wp\/v2\/users\/1"}],"replies":[{"embeddable":true,"href":"https:\/\/dev.creativewalkers.com\/pa\/wp-json\/wp\/v2\/comments?post=65550"}],"version-history":[{"count":9,"href":"https:\/\/dev.creativewalkers.com\/pa\/wp-json\/wp\/v2\/pages\/65550\/revisions"}],"predecessor-version":[{"id":166956,"href":"https:\/\/dev.creativewalkers.com\/pa\/wp-json\/wp\/v2\/pages\/65550\/revisions\/166956"}],"wp:attachment":[{"href":"https:\/\/dev.creativewalkers.com\/pa\/wp-json\/wp\/v2\/media?parent=65550"}],"curies":[{"name":"wp","href":"https:\/\/api.w.org\/{rel}","templated":true}]}}